{"id":22,"date":"2024-08-30T17:46:10","date_gmt":"2024-08-30T20:46:10","guid":{"rendered":"https:\/\/cmrosario.com.ar\/?page_id=22"},"modified":"2024-08-30T19:11:27","modified_gmt":"2024-08-30T22:11:27","slug":"preguntas-frecuentes","status":"publish","type":"page","link":"https:\/\/cmrosario.com.ar\/?page_id=22","title":{"rendered":"Preguntas frecuentes"},"content":{"rendered":"\n<div class=\"wp-block-columns is-layout-flex wp-container-core-columns-is-layout-9d6595d7 wp-block-columns-is-layout-flex\">\n<div class=\"wp-block-column is-layout-flow wp-block-column-is-layout-flow\" style=\"flex-basis:33.33%\">\n<figure class=\"wp-block-image size-large\"><img loading=\"lazy\" decoding=\"async\" width=\"683\" height=\"1024\" src=\"https:\/\/cmrosario.com.ar\/wp-content\/uploads\/2024\/08\/DSC_0224-683x1024.jpg\" alt=\"\" class=\"wp-image-71\" srcset=\"https:\/\/cmrosario.com.ar\/wp-content\/uploads\/2024\/08\/DSC_0224-683x1024.jpg 683w, https:\/\/cmrosario.com.ar\/wp-content\/uploads\/2024\/08\/DSC_0224-200x300.jpg 200w, https:\/\/cmrosario.com.ar\/wp-content\/uploads\/2024\/08\/DSC_0224-768x1152.jpg 768w, https:\/\/cmrosario.com.ar\/wp-content\/uploads\/2024\/08\/DSC_0224-1024x1536.jpg 1024w, https:\/\/cmrosario.com.ar\/wp-content\/uploads\/2024\/08\/DSC_0224-1365x2048.jpg 1365w, https:\/\/cmrosario.com.ar\/wp-content\/uploads\/2024\/08\/DSC_0224-scaled.jpg 1707w\" sizes=\"auto, (max-width: 683px) 100vw, 683px\" \/><\/figure>\n\n\n\n<figure class=\"wp-block-image size-large\"><img loading=\"lazy\" decoding=\"async\" width=\"1024\" height=\"683\" src=\"https:\/\/cmrosario.com.ar\/wp-content\/uploads\/2024\/08\/DSC_0227-1024x683.jpg\" alt=\"\" class=\"wp-image-70\" srcset=\"https:\/\/cmrosario.com.ar\/wp-content\/uploads\/2024\/08\/DSC_0227-1024x683.jpg 1024w, https:\/\/cmrosario.com.ar\/wp-content\/uploads\/2024\/08\/DSC_0227-300x200.jpg 300w, https:\/\/cmrosario.com.ar\/wp-content\/uploads\/2024\/08\/DSC_0227-768x512.jpg 768w, https:\/\/cmrosario.com.ar\/wp-content\/uploads\/2024\/08\/DSC_0227-1536x1024.jpg 1536w, https:\/\/cmrosario.com.ar\/wp-content\/uploads\/2024\/08\/DSC_0227-2048x1365.jpg 2048w\" sizes=\"auto, (max-width: 1024px) 100vw, 1024px\" \/><\/figure>\n\n\n\n<figure class=\"wp-block-image size-large\"><img loading=\"lazy\" decoding=\"async\" width=\"683\" height=\"1024\" src=\"https:\/\/cmrosario.com.ar\/wp-content\/uploads\/2024\/08\/DSC_0179-683x1024.jpg\" alt=\"\" class=\"wp-image-73\" srcset=\"https:\/\/cmrosario.com.ar\/wp-content\/uploads\/2024\/08\/DSC_0179-683x1024.jpg 683w, https:\/\/cmrosario.com.ar\/wp-content\/uploads\/2024\/08\/DSC_0179-200x300.jpg 200w, https:\/\/cmrosario.com.ar\/wp-content\/uploads\/2024\/08\/DSC_0179-768x1152.jpg 768w, https:\/\/cmrosario.com.ar\/wp-content\/uploads\/2024\/08\/DSC_0179-1024x1536.jpg 1024w, https:\/\/cmrosario.com.ar\/wp-content\/uploads\/2024\/08\/DSC_0179-1365x2048.jpg 1365w, https:\/\/cmrosario.com.ar\/wp-content\/uploads\/2024\/08\/DSC_0179-scaled.jpg 1707w\" sizes=\"auto, (max-width: 683px) 100vw, 683px\" \/><\/figure>\n<\/div>\n\n\n\n<div class=\"wp-block-column is-layout-flow wp-block-column-is-layout-flow\" style=\"flex-basis:66.66%\">\n<h2 class=\"wp-block-heading\">Preguntas frecuentes<\/h2>\n\n\n\n<p><\/p>\n\n\n\n<ul class=\"wp-block-list\">\n<li>\u00bfEl monitoreo evita el robo?<br>El monitoreo es un medio&nbsp;disuasivo, un obst\u00e1culo para el&nbsp; posible intruso. La funci\u00f3n de&nbsp;CMRosario&nbsp;es dar aviso de las se\u00f1ales recibidas de su alarma, permiti\u00e9ndole a usted estar informado respecto de lo que ocurre en el domicilio monitoreado y poder actuar en consecuencia. Recuerde que el procedimiento a seguir por parte de&nbsp;CMRosario&nbsp;est\u00e1 sujeto a lo que usted dise\u00f1\u00f3 con la empresa instaladora y plasmaron en nuestro acuerdo de servicio y a las indicaciones que recibe nuestro operador en el momento que le brinda la informaci\u00f3n.<br>&nbsp;<\/li>\n\n\n\n<li>Si suena la alarma de mi casa, \u00bfEnv\u00edan inmediatamente a la polic\u00eda?<br>&nbsp;<\/li>\n\n\n\n<li>Esto depende de lo solicitado en el acuerdo de monitoreo como procedimiento a seguir para cada tipo de se\u00f1al recibida. Es usted quien autoriza o no el despacho de la autoridad policial ya sea a trav\u00e9s del acuerdo firmado o de su solicitud al operador en el momento del evento.<br>&nbsp;<\/li>\n\n\n\n<li>\u00bfPor qu\u00e9 para brindarme informaci\u00f3n me piden palabra clave?<br>La palabra clave es su identificaci\u00f3n frente a&nbsp;CMRosario. Es la \u00fanica manera de garantizar que la informaci\u00f3n la obtenga una persona autorizada.<br>&nbsp;<\/li>\n\n\n\n<li>Si olvid\u00e9 mi palabra clave, \u00bfQu\u00e9 debo hacer?<br>Esta informaci\u00f3n se encuentra en el acuerdo de monitoreo.<br>&nbsp;<\/li>\n\n\n\n<li>Si se corta la luz, \u00bfMe quedo sin alarma?<br>No. Cada sistema tiene una bater\u00eda que le permitir\u00e1 seguir funcionando por algunas horas. La duraci\u00f3n de la misma depende del equipo y la instalaci\u00f3n. Su sistema de alarma enviar\u00e1 una se\u00f1al a la estaci\u00f3n de monitoreo indicando el l\u00edmite de autonom\u00eda por lo que recibir\u00e1 el aviso de&nbsp;CMRosario. Cuando vuelva la energ\u00eda, la bater\u00eda se recargar\u00e1 autom\u00e1ticamente.<br>&nbsp;<\/li>\n\n\n\n<li>Si no tengo tel\u00e9fono, \u00bfCuento con monitoreo?<br>Para que su sistema de seguridad pueda enviar informaci\u00f3n a la estaci\u00f3n de monitoreo es necesario que est\u00e9 conectado a un medio de comunicaci\u00f3n apto y efectivo. Sin este medio su alarma no podr\u00e1 enviar los datos necesarios para poder brindarle el servicio de monitoreo.<br>Si su alarma cuenta con l\u00ednea de telefon\u00eda fija como \u00fanica v\u00eda de comunicaci\u00f3n y \u00e9sta no puede emitir llamadas,&nbsp;CMRosario&nbsp;no podr\u00e1 recibir informaci\u00f3n de la misma por lo cu\u00e1l su servicio de monitoreo se encontrar\u00e1 interrumpido hasta que la alarma vuelva a poder comunicarse con la estaci\u00f3n.<br>Recuerde que los inconvenientes con el medio de comunicaci\u00f3n de ninguna manera afectar\u00e1n al funcionamiento local de su sistema.<br>&nbsp;<\/li>\n\n\n\n<li>Tengo problemas con el tel\u00e9fono y no quiero quedarme sin monitoreo, \u00bfExiste alguna alternativa?<br>La l\u00ednea de telefon\u00eda fija es s\u00f3lo una de las opciones de comunicaci\u00f3n con&nbsp;CMRosario. Nuestra estaci\u00f3n de monitoreo cuenta con la tecnolog\u00eda suficiente para recibir la informaci\u00f3n de su alarma a trav\u00e9s de un sistema de telefon\u00eda celular y GPRS.<br><br>Al igual que la telefon\u00eda fija, estos medios pueden ser utilizados como \u00fanica v\u00eda de comunicaci\u00f3n o combinarlos como medios de respaldo en caso que el principal falle. Comun\u00edquese con su empresa instaladora para m\u00e1s informaci\u00f3n.<br>&nbsp;<\/li>\n\n\n\n<li>\u00bfQu\u00e9 es un fallo de test?<br>Significa que su sistema no ha transmitido el test de prueba. Esto indica desperfectos en el comunicador de su alarma y\/o en el medio de enlace con&nbsp;CMRosario<br>&nbsp;<\/li>\n\n\n\n<li>\u00bfQu\u00e9 debo hacer si me ausento por un per\u00edodo prolongado?<br>Es de vital importancia notific\u00e1rselo a&nbsp;CMRosario&nbsp;quien le solicitar\u00e1 el redise\u00f1o de su listado de llamadas.<\/li>\n<\/ul>\n<\/div>\n<\/div>\n","protected":false},"excerpt":{"rendered":"<p>Preguntas frecuentes<\/p>\n","protected":false},"author":1,"featured_media":0,"parent":0,"menu_order":0,"comment_status":"closed","ping_status":"closed","template":"","meta":{"_kad_post_transparent":"","_kad_post_title":"","_kad_post_layout":"","_kad_post_sidebar_id":"","_kad_post_content_style":"","_kad_post_vertical_padding":"","_kad_post_feature":"","_kad_post_feature_position":"","_kad_post_header":false,"_kad_post_footer":false,"_kad_post_classname":"","footnotes":""},"class_list":["post-22","page","type-page","status-publish","hentry"],"jetpack_sharing_enabled":true,"_links":{"self":[{"href":"https:\/\/cmrosario.com.ar\/index.php?rest_route=\/wp\/v2\/pages\/22","targetHints":{"allow":["GET"]}}],"collection":[{"href":"https:\/\/cmrosario.com.ar\/index.php?rest_route=\/wp\/v2\/pages"}],"about":[{"href":"https:\/\/cmrosario.com.ar\/index.php?rest_route=\/wp\/v2\/types\/page"}],"author":[{"embeddable":true,"href":"https:\/\/cmrosario.com.ar\/index.php?rest_route=\/wp\/v2\/users\/1"}],"replies":[{"embeddable":true,"href":"https:\/\/cmrosario.com.ar\/index.php?rest_route=%2Fwp%2Fv2%2Fcomments&post=22"}],"version-history":[{"count":4,"href":"https:\/\/cmrosario.com.ar\/index.php?rest_route=\/wp\/v2\/pages\/22\/revisions"}],"predecessor-version":[{"id":82,"href":"https:\/\/cmrosario.com.ar\/index.php?rest_route=\/wp\/v2\/pages\/22\/revisions\/82"}],"wp:attachment":[{"href":"https:\/\/cmrosario.com.ar\/index.php?rest_route=%2Fwp%2Fv2%2Fmedia&parent=22"}],"curies":[{"name":"wp","href":"https:\/\/api.w.org\/{rel}","templated":true}]}}